{"id":2673,"date":"2012-06-11T05:43:54","date_gmt":"2012-06-11T08:43:54","guid":{"rendered":"http:\/\/www.bibliotecadeseguranca.com.br\/fr\/?page_id=2673"},"modified":"2022-05-05T14:59:20","modified_gmt":"2022-05-05T17:59:20","slug":"organisateur","status":"publish","type":"page","link":"https:\/\/www.bibliotecadeseguranca.com.br\/fr\/organisateur\/","title":{"rendered":"Organisateur"},"content":{"rendered":"<p><strong><img loading=\"lazy\" decoding=\"async\" class=\"alignleft size-full wp-image-18120\" src=\"https:\/\/www.bibliotecadeseguranca.com.br\/fr\/wp-content\/uploads\/2022\/05\/tacito-augusto-silva-leite-dse-ase-c31000.jpg\" alt=\"T\u00e1cito Augusto Silva Leite, DSE, ASE, C31000\" width=\"155\" height=\"202\" srcset=\"https:\/\/www.bibliotecadeseguranca.com.br\/fr\/wp-content\/uploads\/2022\/05\/tacito-augusto-silva-leite-dse-ase-c31000.jpg 155w, https:\/\/www.bibliotecadeseguranca.com.br\/fr\/wp-content\/uploads\/2022\/05\/tacito-augusto-silva-leite-dse-ase-c31000-115x150.jpg 115w\" sizes=\"auto, (max-width: 155px) 100vw, 155px\" \/>T\u00e1cito Augusto Silva Leite, DSE, ASE, C31000<\/strong><br \/>\n<strong>Organisateur\u00a0de la Biblioteca de Seguran\u00e7a<\/strong><\/p>\n<p style=\"text-align: justify;\">Dipl\u00f4me universitaire en commerce de Universidad Pontificia Comillas de s\u00e9curit\u00e9 \u00e0 Madrid, MBA en s\u00e9curit\u00e9 d\u201dentreprise par Anhembi Morumbi-International University, MBA en syst\u00e8mes d\u201dinformation avec l\u201dUNP approfondissement en gestion de l\u201dinformation de s\u00e9curit\u00e9 Ressources Cours d\u00e9fense de l\u201d\u00e9cole la guerre et la r\u00e9serve de l\u201dArm\u00e9e officiel br\u00e9silien. Avez l\u201daccr\u00e9ditation DES (Directeur de l\u201dentreprise Seguridad) par UPCO \u2013 Espagne et ASE (Enterprise Security Analyst) conf\u00e9r\u00e9 par ADESG et ABSEG, Certified ISO 31000 Risk Management Professional par The Global Institute G31000 &amp; International Accreditation Board for Risk Management, Geneva, Switzerland. Fonctionne depuis 1994 dans le domaine de la s\u00e9curit\u00e9, le d\u00e9veloppement de la gestion des risques, la pr\u00e9vention des pertes, des projets de s\u00e9curit\u00e9 et de la s\u00e9curit\u00e9 en administration des affaires des activit\u00e9s. Actuellement Pr\u00e9sident de l\u201dAssociation br\u00e9silienne des professionnels de la s\u00e9curit\u00e9, directeur ex\u00e9cutif du march\u00e9 de la s\u00e9curit\u00e9 au Br\u00e9sil Indra, auteur de plusieurs revues professionnelles et co-auteur de la 1\u00e8re compilation ABSEG Enterprise Security.<\/p>\n<p>Curr\u00edculo Lattes: <a href=\"http:\/\/lattes.cnpq.br\/6763601233758573\">http:\/\/lattes.cnpq.br\/6763601233758573<\/a><br \/>\nLinkedIn: <a href=\"http:\/\/www.linkedin.com\/in\/tacitoleite\" target=\"_blank\" rel=\"noopener\">www.linkedin.com\/in\/tacitoleite<\/a><\/p>\n","protected":false},"excerpt":{"rendered":"<p>T\u00e1cito Augusto Silva Leite, DSE, ASE, C31000 Organisateur\u00a0de la Biblioteca de Seguran\u00e7a Dipl\u00f4me universitaire en commerce de Universidad Pontificia Comillas de s\u00e9curit\u00e9 \u00e0 Madrid, MBA en s\u00e9curit\u00e9 d\u201dentreprise par Anhembi Morumbi-International University, MBA en syst\u00e8mes d\u201dinformation avec l\u201dUNP approfondissement en gestion de l\u201dinformation de s\u00e9curit\u00e9 Ressources Cours d\u00e9fense de l\u201d\u00e9cole la guerre et la r\u00e9serve de l\u201dArm\u00e9e officiel br\u00e9silien. Avez l\u201daccr\u00e9ditation DES (Directeur de l\u201dentreprise Seguridad) par UPCO \u2013 Espagne&hellip; <\/p>\n","protected":false},"author":3,"featured_media":18120,"parent":0,"menu_order":0,"comment_status":"closed","ping_status":"closed","template":"","meta":{"footnotes":""},"class_list":["post-2673","page","type-page","status-publish","has-post-thumbnail","hentry"],"_links":{"self":[{"href":"https:\/\/www.bibliotecadeseguranca.com.br\/fr\/wp-json\/wp\/v2\/pages\/2673","targetHints":{"allow":["GET"]}}],"collection":[{"href":"https:\/\/www.bibliotecadeseguranca.com.br\/fr\/wp-json\/wp\/v2\/pages"}],"about":[{"href":"https:\/\/www.bibliotecadeseguranca.com.br\/fr\/wp-json\/wp\/v2\/types\/page"}],"author":[{"embeddable":true,"href":"https:\/\/www.bibliotecadeseguranca.com.br\/fr\/wp-json\/wp\/v2\/users\/3"}],"replies":[{"embeddable":true,"href":"https:\/\/www.bibliotecadeseguranca.com.br\/fr\/wp-json\/wp\/v2\/comments?post=2673"}],"version-history":[{"count":18,"href":"https:\/\/www.bibliotecadeseguranca.com.br\/fr\/wp-json\/wp\/v2\/pages\/2673\/revisions"}],"predecessor-version":[{"id":18121,"href":"https:\/\/www.bibliotecadeseguranca.com.br\/fr\/wp-json\/wp\/v2\/pages\/2673\/revisions\/18121"}],"wp:featuredmedia":[{"embeddable":true,"href":"https:\/\/www.bibliotecadeseguranca.com.br\/fr\/wp-json\/wp\/v2\/media\/18120"}],"wp:attachment":[{"href":"https:\/\/www.bibliotecadeseguranca.com.br\/fr\/wp-json\/wp\/v2\/media?parent=2673"}],"curies":[{"name":"wp","href":"https:\/\/api.w.org\/{rel}","templated":true}]}}