{"id":2673,"date":"2012-06-11T05:43:54","date_gmt":"2012-06-11T08:43:54","guid":{"rendered":"http:\/\/www.bibliotecadeseguranca.com.br\/es\/?page_id=2673"},"modified":"2022-05-05T14:58:57","modified_gmt":"2022-05-05T17:58:57","slug":"organizador","status":"publish","type":"page","link":"https:\/\/www.bibliotecadeseguranca.com.br\/es\/organizador\/","title":{"rendered":"Organizador"},"content":{"rendered":"<p><strong><img loading=\"lazy\" decoding=\"async\" class=\"alignleft size-full wp-image-18101\" src=\"https:\/\/www.bibliotecadeseguranca.com.br\/es\/wp-content\/uploads\/2022\/05\/tacito-augusto-silva-leite-dse-ase-c31000.jpg\" alt=\"T\u00e1cito Augusto Silva Leite, DSE, ASE, C31000\" width=\"155\" height=\"202\" srcset=\"https:\/\/www.bibliotecadeseguranca.com.br\/es\/wp-content\/uploads\/2022\/05\/tacito-augusto-silva-leite-dse-ase-c31000.jpg 155w, https:\/\/www.bibliotecadeseguranca.com.br\/es\/wp-content\/uploads\/2022\/05\/tacito-augusto-silva-leite-dse-ase-c31000-115x150.jpg 115w\" sizes=\"auto, (max-width: 155px) 100vw, 155px\" \/>T\u00e1cito Augusto Silva Leite, DSE, ASE, C31000<\/strong><br \/>\n<strong>Organizador de la Biblioteca de Seguran\u00e7a<\/strong><\/p>\n<p style=\"text-align: justify;\">Postgrado en Seguridad de Empresas por la Universidad Pontificia Comillas de Madrid, MBA en Seguridad Corporativa por la Universidad Internacional Anhembi-Morumbi, MBA en Sistemas de Informaci\u00f3n por la Universidad Potiguar, con profundizaci\u00f3n en seguridad Inform\u00e1tica, Curso de Gesti\u00f3n de Recursos de Defensa por la Escuela Superior de Guerra y es Oficial de la Reserva del Ej\u00e9rcito de Tierra de Brasil. Tiene la acreditaci\u00f3n DSE (Director de Seguridad Empresarial) por UPCO \u2013 Espa\u00f1a y ASE (Analista de Seguridad Empresarial) conferido por ADESG y ABSEG, Certified ISO 31000 Risk Management Professional por The Global Institute G31000 &amp; International Accreditation Board for Risk Management, Geneva, Switzerland. Trabaja desde 1994 en el \u00e1mbito de la seguridad, desarrollo actividades de Gesti\u00f3n de Riesgos, Prevenci\u00f3n de P\u00e9rdidas, Proyectos de Seguridad y Administraci\u00f3n de Empresas de Seguridad. Actualmente es Presidente de la Asociaci\u00f3n Brasile\u00f1a de Profesionales de Seguridad, Director Ejecutivo del Mercado de Seguridad de Indra en Brasil, escritor de varios peri\u00f3dicos profesionales y coautor de la primera compilaci\u00f3n ABSEG de seguridad corporativa.<\/p>\n<p>Curr\u00edculo Lattes: <a href=\"http:\/\/lattes.cnpq.br\/6763601233758573\">http:\/\/lattes.cnpq.br\/6763601233758573<\/a><br \/>\nLinkedIn: <a href=\"http:\/\/www.linkedin.com\/in\/tacitoleite\" target=\"_blank\" rel=\"noopener\">www.linkedin.com\/in\/tacitoleite<\/a><\/p>\n","protected":false},"excerpt":{"rendered":"<p>T\u00e1cito Augusto Silva Leite, DSE, ASE, C31000 Organizador de la Biblioteca de Seguran\u00e7a Postgrado en Seguridad de Empresas por la Universidad Pontificia Comillas de Madrid, MBA en Seguridad Corporativa por la Universidad Internacional Anhembi-Morumbi, MBA en Sistemas de Informaci\u00f3n por la Universidad Potiguar, con profundizaci\u00f3n en seguridad Inform\u00e1tica, Curso de Gesti\u00f3n de Recursos de Defensa por la Escuela Superior de Guerra y es Oficial de la Reserva del Ej\u00e9rcito de&hellip; <\/p>\n","protected":false},"author":3,"featured_media":18101,"parent":0,"menu_order":0,"comment_status":"closed","ping_status":"closed","template":"","meta":{"footnotes":""},"class_list":["post-2673","page","type-page","status-publish","has-post-thumbnail","hentry"],"_links":{"self":[{"href":"https:\/\/www.bibliotecadeseguranca.com.br\/es\/wp-json\/wp\/v2\/pages\/2673","targetHints":{"allow":["GET"]}}],"collection":[{"href":"https:\/\/www.bibliotecadeseguranca.com.br\/es\/wp-json\/wp\/v2\/pages"}],"about":[{"href":"https:\/\/www.bibliotecadeseguranca.com.br\/es\/wp-json\/wp\/v2\/types\/page"}],"author":[{"embeddable":true,"href":"https:\/\/www.bibliotecadeseguranca.com.br\/es\/wp-json\/wp\/v2\/users\/3"}],"replies":[{"embeddable":true,"href":"https:\/\/www.bibliotecadeseguranca.com.br\/es\/wp-json\/wp\/v2\/comments?post=2673"}],"version-history":[{"count":16,"href":"https:\/\/www.bibliotecadeseguranca.com.br\/es\/wp-json\/wp\/v2\/pages\/2673\/revisions"}],"predecessor-version":[{"id":18102,"href":"https:\/\/www.bibliotecadeseguranca.com.br\/es\/wp-json\/wp\/v2\/pages\/2673\/revisions\/18102"}],"wp:featuredmedia":[{"embeddable":true,"href":"https:\/\/www.bibliotecadeseguranca.com.br\/es\/wp-json\/wp\/v2\/media\/18101"}],"wp:attachment":[{"href":"https:\/\/www.bibliotecadeseguranca.com.br\/es\/wp-json\/wp\/v2\/media?parent=2673"}],"curies":[{"name":"wp","href":"https:\/\/api.w.org\/{rel}","templated":true}]}}